{"id":68,"date":"2022-12-28T22:06:01","date_gmt":"2022-12-28T22:06:01","guid":{"rendered":"http:\/\/mgroenewald.de\/?page_id=68"},"modified":"2023-04-25T17:24:33","modified_gmt":"2023-04-25T17:24:33","slug":"impressum","status":"publish","type":"page","link":"https:\/\/mgroenewald.de\/?page_id=68","title":{"rendered":"Impressum"},"content":{"rendered":"\n<p><\/p>\n\n\n\n<p>Matthias Groenewald<\/p>\n\n\n\n<p>post@mgroenewald.de<br>Telefon +49 0172 <\/p>\n\n\n\n<p>Diese Webseite wird ver\u00f6ffentlicht und gepflegt durch Matthias Groenewald.<br>Layout und Entwicklung:<br>Copyright: Matthias Groenewald .<\/p>\n\n\n\n<p>Alle Rechte vorbehalten.<br>Alle Angaben erfolgen ohne Gew\u00e4hr. Eine Haftung f\u00fcr Sch\u00e4den, die sich aus der Verwendung der ver\u00f6ffentlichten Inhalte ergeben, ist ausgeschlossen.<\/p>\n\n\n\n<p><strong>Urheberrecht, Copyright:<\/strong><br>Das Layout der Homepage, die verwendeten Grafiken und Bilder, die Sammlung sowie die einzelnen Beitr\u00e4ge sind urheberrechtlich gesch\u00fctzt. Alle Rechte, auch die der fotomechanischen Wiedergabe, der Vervielf\u00e4ltigung und der Verbreitung mittels besonderer Verfahren (zum Beispiel Datenverarbeitung, Datenr\u00e4ger und Datennetze), auch teilweise, beh\u00e4lt sich der Betreiber vor.<\/p>\n\n\n\n<p><strong>Haftungsausschluss<\/strong><br>Die Inhalte unserer Seiten wurden mit gr\u00f6\u00dfter Sorgfalt erstellt. Es wird keinerlei Gew\u00e4hr f\u00fcr die Aktualit\u00e4t, Korrektheit oder Vollst\u00e4ndigkeit der bereitgestellten Inhalte und Informationen \u00fcbernommen. Es wird sich ausdr\u00fccklich von allen Inhalten aller verlinkten externen Interntseiten distanziert. Diese Erkl\u00e4rung gilt f\u00fcr alle auf dieser Website angebrachten Links.<\/p>\n\n\n\n<p><strong>Datenschutzhinweis<\/strong><br>Die Nutzung der im Rahmen des Impressums und der Kontaktinformationen ver\u00f6ffentlichten Kontaktdaten durch Dritte zur \u00dcbersendung von nicht ausdr\u00fccklich angeforderter Werbung und Informationsmaterialien ist nicht gestattet.<\/p>\n","protected":false},"excerpt":{"rendered":"<p>Matthias Groenewald post@mgroenewald.deTelefon +49 0172 Diese Webseite wird ver\u00f6ffentlicht und gepflegt durch Matthias Groenewald.Layout und Entwicklung:Copyright: Matthias Groenewald . Alle Rechte vorbehalten.Alle Angaben erfolgen ohne Gew\u00e4hr. Eine Haftung f\u00fcr Sch\u00e4den, die sich aus der Verwendung der ver\u00f6ffentlichten Inhalte ergeben, ist ausgeschlossen. Urheberrecht, Copyright:Das Layout der Homepage, die verwendeten Grafiken und Bilder, die Sammlung sowie die&hellip;&nbsp;<a href=\"https:\/\/mgroenewald.de\/?page_id=68\" rel=\"bookmark\">Weiterlesen &raquo;<span class=\"screen-reader-text\">Impressum<\/span><\/a><\/p>\n","protected":false},"author":1,"featured_media":0,"parent":0,"menu_order":0,"comment_status":"closed","ping_status":"closed","template":"","meta":{"neve_meta_sidebar":"","neve_meta_container":"","neve_meta_enable_content_width":"","neve_meta_content_width":0,"neve_meta_title_alignment":"","neve_meta_author_avatar":"","neve_post_elements_order":"","neve_meta_disable_header":"","neve_meta_disable_footer":"on","neve_meta_disable_title":"","_themeisle_gutenberg_block_has_review":false,"footnotes":""},"class_list":["post-68","page","type-page","status-publish","hentry"],"_links":{"self":[{"href":"https:\/\/mgroenewald.de\/index.php?rest_route=\/wp\/v2\/pages\/68","targetHints":{"allow":["GET"]}}],"collection":[{"href":"https:\/\/mgroenewald.de\/index.php?rest_route=\/wp\/v2\/pages"}],"about":[{"href":"https:\/\/mgroenewald.de\/index.php?rest_route=\/wp\/v2\/types\/page"}],"author":[{"embeddable":true,"href":"https:\/\/mgroenewald.de\/index.php?rest_route=\/wp\/v2\/users\/1"}],"replies":[{"embeddable":true,"href":"https:\/\/mgroenewald.de\/index.php?rest_route=%2Fwp%2Fv2%2Fcomments&post=68"}],"version-history":[{"count":2,"href":"https:\/\/mgroenewald.de\/index.php?rest_route=\/wp\/v2\/pages\/68\/revisions"}],"predecessor-version":[{"id":105,"href":"https:\/\/mgroenewald.de\/index.php?rest_route=\/wp\/v2\/pages\/68\/revisions\/105"}],"wp:attachment":[{"href":"https:\/\/mgroenewald.de\/index.php?rest_route=%2Fwp%2Fv2%2Fmedia&parent=68"}],"curies":[{"name":"wp","href":"https:\/\/api.w.org\/{rel}","templated":true}]}}